{"id":6079,"date":"2021-08-30T14:50:48","date_gmt":"2021-08-30T12:50:48","guid":{"rendered":"https:\/\/www.scapeler.com\/?page_id=6079"},"modified":"2025-03-10T12:43:56","modified_gmt":"2025-03-10T11:43:56","slug":"image-plaatsen-op-sd-kaart","status":"publish","type":"page","link":"https:\/\/www.scapeler.com\/index.php\/image-plaatsen-op-sd-kaart\/","title":{"rendered":"Image plaatsen op SD-kaart"},"content":{"rendered":"<p>De sensorkit draait met een computer van het type Raspberry Pi Zero W waarvan het operating systeem (OS) en andere software en data op een micro-SD-kaart zijn opgeslagen. De micro-SD-kaart fungeert als het waarde als harddisk voor deze computer. Op deze pagina leest u hoe u een SD-kaart kunt overschrijven met een nieuwe kopie ofwel image.<\/p>\n<h2>Wat heeft u daarvoor nodig?<\/h2>\n<ul>\n<li>Een micro-SD kaart<\/li>\n<li>SD kaart schrijver (indien nodig een micro-SD \/ SD adapter)<\/li>\n<li>BalenaEtcher applicatie<\/li>\n<\/ul>\n<p>Een micro-SD kaart van 8GB grootte is in principe voldoende maar tegenwoordig is 16GB al snel de ondergrens. Een iets snellere sd-kaart heeft de voorkeur zoals de SanDisk Extreme\u00a0 Micro SD\/HC V30 32GB.<\/p>\n<p><img loading=\"lazy\" decoding=\"async\" class=\" wp-image-6624 aligncenter\" src=\"https:\/\/www.scapeler.com\/wp-content\/uploads\/2023\/01\/Schermafdruk-van-2023-01-23-20-39-45-300x219.png\" alt=\"\" width=\"121\" height=\"88\" srcset=\"https:\/\/www.scapeler.com\/wp-content\/uploads\/2023\/01\/Schermafdruk-van-2023-01-23-20-39-45-300x219.png 300w, https:\/\/www.scapeler.com\/wp-content\/uploads\/2023\/01\/Schermafdruk-van-2023-01-23-20-39-45-324x235.png 324w, https:\/\/www.scapeler.com\/wp-content\/uploads\/2023\/01\/Schermafdruk-van-2023-01-23-20-39-45.png 401w\" sizes=\"auto, (max-width: 121px) 100vw, 121px\" \/><\/p>\n<h3>1. Download het ApriSensor img-bestand<\/h3>\n<p>Een image is beschikbaar in de vorm van een zogenaamd img-bestand. Een img-bestand is een volledige kopie van de originele micro-SD kaart en zal dus alle data van de micro-SD kaart overschrijven!<\/p>\n<p>Download bij voorkeur op een pc\/laptop welke met een netwerkkabel is aangesloten. Via de wifi downloaden kan ook maar dat zal een langer duren.<\/p>\n<p style=\"text-align: center;\"><strong>Download<\/strong>: https:\/\/img.aprisensor.nl\/aprisensor_v2-5-1.img.xz (Kopieer url naar nieuwe tab)<br \/>Deze versie is van 24-02-2025<\/p>\n<p style=\"text-align: left;\"><em>Bij Windows kan na downloaden een foutmelding in beeld komen wanneer Windows het probeert te koppelen. Negeer deze foutmelding.<\/em><\/p>\n<h3>2. Installeer BalenaEtcher applicatie<\/h3>\n<p>Er zijn meerdere methoden om een img-bestand naar een SD kaart te schrijven maar BalenaEtcher is daarvoor heel geschikt. De BalenaEtcher applicatie is hier te downloaden:<\/p>\n<p style=\"text-align: center;\"><a href=\"https:\/\/www.balena.io\/etcher\/\" target=\"_blank\" rel=\"noopener noreferrer\">https:\/\/www.balena.io\/etcher\/<\/a><\/p>\n<h3>3. Kopieer img-bestand naar micro-SD kaart<\/h3>\n<p style=\"text-align: left;\">Na opstarten van de BalenaEtcher applicatie ziet u de drie uit te voeren stappen in beeld verschijnen:<\/p>\n<ol>\n<li style=\"text-align: left;\">Aangeven welk img-bestand te gebruiken<\/li>\n<li>De SD-kaart aan te wijzen<\/li>\n<li>Starten van het kopi\u00ebren (Flash!)<\/li>\n<\/ol>\n<p><img loading=\"lazy\" decoding=\"async\" class=\"aligncenter wp-image-6066 size-medium\" src=\"https:\/\/www.scapeler.com\/wp-content\/uploads\/2021\/08\/BalenaEtcher-300x194.png\" alt=\"\" width=\"300\" height=\"194\" srcset=\"https:\/\/www.scapeler.com\/wp-content\/uploads\/2021\/08\/BalenaEtcher-300x194.png 300w, https:\/\/www.scapeler.com\/wp-content\/uploads\/2021\/08\/BalenaEtcher-600x388.png 600w, https:\/\/www.scapeler.com\/wp-content\/uploads\/2021\/08\/BalenaEtcher-768x497.png 768w, https:\/\/www.scapeler.com\/wp-content\/uploads\/2021\/08\/BalenaEtcher-696x450.png 696w, https:\/\/www.scapeler.com\/wp-content\/uploads\/2021\/08\/BalenaEtcher-649x420.png 649w, https:\/\/www.scapeler.com\/wp-content\/uploads\/2021\/08\/BalenaEtcher.png 799w\" sizes=\"auto, (max-width: 300px) 100vw, 300px\" \/><\/p>\n<p>Na het starten (Flash! knop) verschijnt er een voortgangsbalk van het kopi\u00ebren. Na het kopi\u00ebren volgt nog een validatie om er zeker van te zijn dat het kopi\u00ebren ook werkelijk goed is gelukt.<\/p>\n<p>Als het valideren klaar is, is de micro-SD-kaart klaar om geplaatst te worden in de sensorkit.<\/p>\n<p><img loading=\"lazy\" decoding=\"async\" class=\"wp-image-6068  alignleft\" src=\"https:\/\/www.scapeler.com\/wp-content\/uploads\/2021\/08\/BalenaEtcher-flash.png\" alt=\"\" width=\"184\" height=\"189\" \/><img loading=\"lazy\" decoding=\"async\" class=\"wp-image-6069  alignleft\" src=\"https:\/\/www.scapeler.com\/wp-content\/uploads\/2021\/08\/BalenaEtcher-validate.png\" alt=\"\" width=\"165\" height=\"186\" \/><\/p>\n<h3>\u00a0<\/h3>\n\n\n<p><\/p>\n","protected":false},"excerpt":{"rendered":"<p>De sensorkit draait met een computer van het type Raspberry Pi Zero W waarvan het operating systeem (OS) en andere software en data op een micro-SD-kaart zijn opgeslagen. De micro-SD-kaart fungeert als het waarde als harddisk voor deze computer. Op deze pagina leest u hoe u een SD-kaart kunt overschrijven met een nieuwe kopie ofwel [&hellip;]<\/p>\n","protected":false},"author":1,"featured_media":0,"parent":0,"menu_order":0,"comment_status":"closed","ping_status":"closed","template":"","meta":{"iawp_total_views":83,"footnotes":""},"class_list":["post-6079","page","type-page","status-publish"],"post_mailing_queue_ids":[],"_links":{"self":[{"href":"https:\/\/www.scapeler.com\/index.php\/wp-json\/wp\/v2\/pages\/6079","targetHints":{"allow":["GET"]}}],"collection":[{"href":"https:\/\/www.scapeler.com\/index.php\/wp-json\/wp\/v2\/pages"}],"about":[{"href":"https:\/\/www.scapeler.com\/index.php\/wp-json\/wp\/v2\/types\/page"}],"author":[{"embeddable":true,"href":"https:\/\/www.scapeler.com\/index.php\/wp-json\/wp\/v2\/users\/1"}],"replies":[{"embeddable":true,"href":"https:\/\/www.scapeler.com\/index.php\/wp-json\/wp\/v2\/comments?post=6079"}],"version-history":[{"count":17,"href":"https:\/\/www.scapeler.com\/index.php\/wp-json\/wp\/v2\/pages\/6079\/revisions"}],"predecessor-version":[{"id":7660,"href":"https:\/\/www.scapeler.com\/index.php\/wp-json\/wp\/v2\/pages\/6079\/revisions\/7660"}],"wp:attachment":[{"href":"https:\/\/www.scapeler.com\/index.php\/wp-json\/wp\/v2\/media?parent=6079"}],"curies":[{"name":"wp","href":"https:\/\/api.w.org\/{rel}","templated":true}]}}